{"id":922,"date":"2019-10-27T16:08:26","date_gmt":"2019-10-27T14:08:26","guid":{"rendered":"https:\/\/ocean-parts.gr\/?post_type=product&#038;p=922"},"modified":"2020-11-15T12:24:15","modified_gmt":"2020-11-15T10:24:15","slug":"media-receiver-clarion-cms5","status":"publish","type":"product","link":"https:\/\/ocean-parts.gr\/en\/product\/media-receiver-clarion-cms5\/","title":{"rendered":"Clarion CMS5"},"content":{"rendered":"<div class=\"col-md-12\">\n<h2 class=\"h-2\">Safe and sound way to rock the boat<\/h2>\n<div class=\"table-responsive\"><table class=\"table table-bordered\" style=\"border-collapse: collapse; width: 100%; height: 192px;\">\n<tbody>\n<tr style=\"height: 24px;\">\n<td style=\"width: 50%; height: 24px;\">\n<div class=\"V-2\">\n<div class=\"V-2_txt\">\n<h2>Hideaway source unit for installation flexibility<\/h2>\n<\/div>\n<\/div>\n<div class=\"V-1\">\n<div class=\"V-1_img\">\n<div>Clarion\u2019s CMS5 is the ultimate media hub that was developed to enhance the user interface and audio experience. The essentials including Bluetooth\u00ae, Dual 2.1A USB ports, Dedicated Rear Camera RCA Input, Marine Dual Zone, Source Volume Control and AM\/FM\/Weather Band Tuner are built in, and with a wide variety of connections including USB you can easily create a system that can be customized to your exact needs.<\/div>\n<\/div>\n<\/div>\n<\/td>\n<td style=\"width: 50%; height: 24px;\"><img fetchpriority=\"high\" decoding=\"async\" class=\"alignright\" src=\"https:\/\/www.clarion.com\/xe\/en\/images\/CMS5_2_25-53647_401x240.jpg\" alt=\"CMS5\" width=\"401\" height=\"240\" \/><\/td>\n<\/tr>\n<tr style=\"height: 24px;\">\n<td style=\"width: 50%; height: 24px;\"><\/td>\n<td style=\"width: 50%; height: 24px;\"><\/td>\n<\/tr>\n<tr style=\"height: 24px;\">\n<td style=\"width: 50%; height: 24px;\"><img decoding=\"async\" class=\"alignleft lazyload\" data-src=\"https:\/\/www.clarion.com\/xe\/en\/images\/CMS5_3_25-53648_456x363.jpg\" alt=\"CMS5\" width=\"456\" height=\"363\" src=\"data:image\/svg+xml;base64,PHN2ZyB3aWR0aD0iMSIgaGVpZ2h0PSIxIiB4bWxucz0iaHR0cDovL3d3dy53My5vcmcvMjAwMC9zdmciPjwvc3ZnPg==\" style=\"--smush-placeholder-width: 456px; --smush-placeholder-aspect-ratio: 456\/363;\" \/><\/td>\n<td style=\"width: 50%; height: 24px;\">\n<div>\n<div>\n<h2>Superior expandability to create your ideal system<\/h2>\n<p>The CMS5 was designed to offer maximum weather protection combined with maximum enjoyment of today&#8217;s audio sources. It&#8217;s made to connect with Bluetooth compatible devices, Dual 2.1A USB Ports, smartphone interface, AUX Input RCA&#8217;s, and more. Attach what you like and create a custom system; whatever music sources you enjoy.<\/p>\n<\/div>\n<\/div>\n<\/td>\n<\/tr>\n<tr style=\"height: 24px;\">\n<td style=\"width: 50%; height: 24px;\"><\/td>\n<td style=\"width: 50%; height: 24px;\"><\/td>\n<\/tr>\n<tr style=\"height: 24px;\">\n<td style=\"width: 50%; height: 24px;\">\n<div>\n<h2>Easy-selection menu screen<\/h2>\n<div>Accessing the functions or sources you want is quick and easy with the intuitive menu screen. Just browse left and right through your available choices and select to activate. Icon graphics make it easy to recognise the selections at a glance.<\/div>\n<\/div>\n<\/td>\n<td style=\"width: 50%; height: 24px;\"><img decoding=\"async\" class=\"alignright lazyload\" data-src=\"https:\/\/www.clarion.com\/xe\/en\/images\/CMS5_4_25-53649_473x416.jpg\" alt=\"CMS5\" width=\"473\" height=\"416\" src=\"data:image\/svg+xml;base64,PHN2ZyB3aWR0aD0iMSIgaGVpZ2h0PSIxIiB4bWxucz0iaHR0cDovL3d3dy53My5vcmcvMjAwMC9zdmciPjwvc3ZnPg==\" style=\"--smush-placeholder-width: 473px; --smush-placeholder-aspect-ratio: 473\/416;\" \/><\/td>\n<\/tr>\n<tr style=\"height: 24px;\">\n<td style=\"width: 50%; height: 24px;\"><\/td>\n<td style=\"width: 50%; height: 24px;\"><\/td>\n<\/tr>\n<tr style=\"height: 24px;\">\n<td style=\"width: 50%; height: 24px;\">\n<h2><img decoding=\"async\" class=\"alignleft lazyload\" style=\"--smush-placeholder-width: 463px; --smush-placeholder-aspect-ratio: 463\/275;font-size: 16px; font-weight: 400;\" data-src=\"https:\/\/www.clarion.com\/xe\/en\/images\/CMS5_5_25-53650_463x275.jpg\" alt=\"CMS5\" width=\"463\" height=\"275\" src=\"data:image\/svg+xml;base64,PHN2ZyB3aWR0aD0iMSIgaGVpZ2h0PSIxIiB4bWxucz0iaHR0cDovL3d3dy53My5vcmcvMjAwMC9zdmciPjwvc3ZnPg==\" \/><\/h2>\n<\/td>\n<td style=\"width: 50%; height: 24px;\">\n<h2>Dual USB rear connectors<\/h2>\n<p style=\"font-size: 16px; font-weight: 400;\">With two USB pigtails, it\u2019s easy to connect a variety of sources. In addition to smartphone you can also play music files stored on a USB memory device or portable audio player. The ability to keep two devices connected at the same time means there\u2019s no need to disconnect and reconnect each time you want to change your external source.<\/p>\n<\/td>\n<\/tr>\n<tr style=\"height: 24px;\">\n<td style=\"width: 50%; height: 24px;\"><\/td>\n<td style=\"width: 50%; height: 24px;\"><\/td>\n<\/tr>\n<tr>\n<td style=\"width: 50%;\">\n<h2>Smartphone connectivity for seamless enjoyment of your favourite music<\/h2>\n<div>If you\u2019re an owner of smartphone, you\u2019ll be happy to know that the music stored on it can be enjoyed on your boat\u2019s audio system, just like on land.<\/div>\n<\/td>\n<td style=\"width: 50%;\"><img decoding=\"async\" class=\"alignright lazyload\" data-src=\"https:\/\/www.clarion.com\/xe\/en\/images\/CMS5_5-2_25-53651_454x277.jpg\" alt=\"CMS5\" width=\"454\" height=\"277\" src=\"data:image\/svg+xml;base64,PHN2ZyB3aWR0aD0iMSIgaGVpZ2h0PSIxIiB4bWxucz0iaHR0cDovL3d3dy53My5vcmcvMjAwMC9zdmciPjwvc3ZnPg==\" style=\"--smush-placeholder-width: 454px; --smush-placeholder-aspect-ratio: 454\/277;\" \/><\/td>\n<\/tr>\n<tr>\n<td style=\"width: 50%;\"><\/td>\n<td style=\"width: 50%;\"><\/td>\n<\/tr>\n<tr>\n<td style=\"width: 50%;\"><img decoding=\"async\" class=\"alignleft lazyload\" data-src=\"https:\/\/www.clarion.com\/xe\/en\/images\/CMS5_6-_25-53652_437x264.jpg\" alt=\"CMS5\" width=\"437\" height=\"264\" src=\"data:image\/svg+xml;base64,PHN2ZyB3aWR0aD0iMSIgaGVpZ2h0PSIxIiB4bWxucz0iaHR0cDovL3d3dy53My5vcmcvMjAwMC9zdmciPjwvc3ZnPg==\" style=\"--smush-placeholder-width: 437px; --smush-placeholder-aspect-ratio: 437\/264;\" \/><\/td>\n<td style=\"width: 50%;\">\n<div class=\"V-1\">\n<div class=\"V-1_txt\">\n<h2>Bluetooth for hands-free communication and stereo audio streaming<\/h2>\n<p>Built-in Bluetooth provides hands-free voice communication, compatible with a wide variety of mobile phones. A built-in microphone let you talk and sail at the same time. Play music stored on any Bluetooth device, whether it&#8217;s a mobile phone or a portable audio player, with wireless convenience.<\/p>\n<\/div>\n<\/div>\n<p>&nbsp;<\/td>\n<\/tr>\n<tr>\n<td style=\"width: 50%;\"><\/td>\n<td style=\"width: 50%;\"><\/td>\n<\/tr>\n<tr>\n<td style=\"width: 50%;\">\n<h2>Dual zone source \/ volume control<\/h2>\n<div>With this function, it is possible to split your boat into two discrete zones to enjoy different sources of entertainment. For instance, the fore can be tuned in to a radio station while the aft can be dancing to tunes from a smart device. Volume levels can be individually controlled so you can have a party going at full blast while keeping an ear on weather information up front.<\/div>\n<\/td>\n<td style=\"width: 50%;\"><img decoding=\"async\" class=\"alignright lazyload\" data-src=\"https:\/\/www.clarion.com\/xe\/en\/images\/CMS5_08_25-53653_509x177.jpg\" alt=\"CMS5\" width=\"509\" height=\"177\" src=\"data:image\/svg+xml;base64,PHN2ZyB3aWR0aD0iMSIgaGVpZ2h0PSIxIiB4bWxucz0iaHR0cDovL3d3dy53My5vcmcvMjAwMC9zdmciPjwvc3ZnPg==\" style=\"--smush-placeholder-width: 509px; --smush-placeholder-aspect-ratio: 509\/177;\" \/><\/td>\n<\/tr>\n<tr>\n<td style=\"width: 50%;\"><\/td>\n<td style=\"width: 50%;\"><\/td>\n<\/tr>\n<tr>\n<td style=\"width: 50%;\"><img decoding=\"async\" class=\"alignleft lazyload\" data-src=\"https:\/\/www.clarion.com\/xe\/en\/images\/CMS5_10_25-53654_370x259.jpg\" alt=\"CMS5\" width=\"370\" height=\"259\" src=\"data:image\/svg+xml;base64,PHN2ZyB3aWR0aD0iMSIgaGVpZ2h0PSIxIiB4bWxucz0iaHR0cDovL3d3dy53My5vcmcvMjAwMC9zdmciPjwvc3ZnPg==\" style=\"--smush-placeholder-width: 370px; --smush-placeholder-aspect-ratio: 370\/259;\" \/><\/td>\n<td style=\"width: 50%;\">\n<h2>Watertight full display controller<\/h2>\n<p>With the CMS5 Black Box installed, you can control everything from the wired watertight controller. It&#8217;s simple robust design maximises reliability. The vibrant color display allows for simple functionality with enhanced durability that can resist the most harmful of elements.<\/td>\n<\/tr>\n<\/tbody>\n<\/table><\/div>\n<\/div>\n<div class=\"col-md-8\"><\/div>\n<div class=\"V-1\">\n<div class=\"V-1_txt\"><\/div>\n<\/div>\n<div class=\"table-responsive\"><table class=\"table table-bordered\" style=\"border-collapse: collapse; width: 100%;\">\n<tbody>\n<tr>\n<td style=\"width: 100%;\">\n<div id=\"main_area\">\n<div id=\"portamento_container\">\n<div id=\"Fm-1\" class=\"\">\n<p id=\"Fm-1_category\">DIGITAL MEDIA MARINE RECEIVER WITH 10.9 cm (4.3-INCH) COLOUR LCD WATERTIGHT CONTROLLER WITH J1939 COMPATIBILITY<\/p>\n<h1>CMS5<\/h1>\n<ul id=\"Fm-1_tab\">\n<li><a href=\"https:\/\/www.clarion.com\/xe\/en\/products-personal\/marine\/CMS5\/hilight\/index.html#Fm-1Anchor\">Highlight<\/a><\/li>\n<li>\n<div id=\"Fm-1_current\"><a href=\"https:\/\/www.clarion.com\/xe\/en\/products-personal\/marine\/CMS5\/specification\/index.html#Fm-1Anchor\">Specification<\/a><\/div>\n<\/li>\n<li class=\"Fm-1_back\"><a href=\"https:\/\/www.clarion.com\/xe\/en\/products-personal\/marine\/index.html\">Back to Product List<\/a><\/li>\n<\/ul>\n<\/div>\n<\/div>\n<div class=\"T-3\">\n<h2>MONITOR<\/h2>\n<ul>\n<li>Frequency bands : FM\/AM\/Weather Band<\/li>\n<li>FM Tuner with RDS<\/li>\n<li>Frequency Range<\/li>\n<li>USA 87,9 ~ 107,9MHz (0.2MHz STEP)<\/li>\n<li>Europe 87,5 ~ 108,0MHz (0.05MHz STEP)<\/li>\n<li>Australia 87,5 ~ 108,0MHz (0.1MHz STEP)<\/li>\n<li>AM Tuner with RDS<\/li>\n<li>Frequency Range<\/li>\n<li>USA 530 ~ 1.710kHz (10kHz STEP)<\/li>\n<li>Europe 531 ~ 1.602kHz (9kHz STEP)<\/li>\n<li>Europe 531 ~ 1.602kHz (9kHz STEP)<\/li>\n<li>Weather Band<\/li>\n<li>NOAA Frequency Range : 162,400MHz ~ 162,550MHz<\/li>\n<li>Channel 1 : 162,400MHz<\/li>\n<li>Channel 2: 162,425MHz<\/li>\n<li>Channel 3: 162,450MHz<\/li>\n<li>Channel 4 : 162,475MHz<\/li>\n<li>Channel 5 : 162,500MHz<\/li>\n<li>Channel 6: 162,525MHz<\/li>\n<li>Channel 7 : 162,550MHz<\/li>\n<\/ul>\n<\/div>\n<hr class=\"P-2\" \/>\n<div class=\"T-3\">\n<h2>AUDIO<\/h2>\n<ul>\n<li>Maximum Power Output : 50W x 4<\/li>\n<li>Rated Power Output : 21W x 4 (CEA2006) 1% THD, 1 kHz @ 14.4V<\/li>\n<li>High Pass Filter (Front\/Rear) : 70\/105\/140\/THROUGH (Speaker and RCA)<\/li>\n<li>Low Pass Filer (Subwoofer) : 50\/75\/100\/THROUGH<\/li>\n<li>BASS Control : 50Hz Frequency, +14dB ~ -14dB<\/li>\n<li>MID Control : 1k Frequency, +14dB ~ -14dB<\/li>\n<li>TREBLE Control : 12kHz Frequency, +12dB ~ -12dB<\/li>\n<\/ul>\n<\/div>\n<hr class=\"P-2\" \/>\n<div class=\"T-3\">\n<h2>GENERAL<\/h2>\n<ul>\n<li>Black Box Dimensions (W \u00d7 H \u00d7 D) (Inches) : 8 \u00d7 7 \u00d7 2<\/li>\n<li>Black Box Dimensions (W \u00d7 H \u00d7 D) (mm) : 203,2 \u00d7 177,8 \u00d7 50,8<\/li>\n<li>Watertight Controller (W \u00d7 H \u00d7 D) (Approx Inches) : 6 \u00d7 4 \u00d7 1<\/li>\n<li>Watertight Controller (W \u00d7 H \u00d7 D) (Approx mm) : 152,4 \u00d7 101,6 \u00d7 25,4<\/li>\n<li>Power consumption: less than : 5,5mA when ACC=OFF<\/li>\n<li>Speaker impedance : 4 ohm \uff5e 8 ohm<\/li>\n<li>Ingress Protection (IP) Rating:<\/li>\n<li>\u3000\u3000\u3000Black Box : IP66<\/li>\n<li>\u3000\u3000\u3000Controller : IP67<\/li>\n<li>\u3000\u3000\u3000Connectors : IP67<\/li>\n<li>ASTM B117 (Salt\/Fog Exposure) = Black Box and Controller<\/li>\n<li>ASTM D4329 (UV Exposure) = Black Box and Controller<\/li>\n<li>SAE J1939 Specifications:<\/li>\n<li>\u3000\u3000\u3000Broadcast Type : Open @ 29-Bit<\/li>\n<li>\u3000\u3000\u3000Bandwidth : 500Kb\/s<\/li>\n<li>\u3000\u3000\u3000Clock : 1MB\/s<\/li>\n<li>\u3000\u3000\u3000Connector : 9-pin, IP67<\/li>\n<li>Display<\/li>\n<li>LCD : 10.9 cm (4.3inch) Optically Bonded Color<\/li>\n<li>\u3000\u3000\u3000Resolution : 480 x 272<\/li>\n<li>\u3000\u3000\u3000Luminance : 650 NITS<\/li>\n<\/ul>\n<\/div>\n<\/div>\n<div id=\"Pa-1\"><\/div>\n<\/td>\n<\/tr>\n<\/tbody>\n<\/table><\/div>\n","protected":false},"excerpt":{"rendered":"<h1>Media Receiver<\/h1>\n","protected":false},"featured_media":921,"comment_status":"open","ping_status":"closed","template":"","meta":[],"product_brand":[],"product_cat":[106],"product_tag":[],"class_list":{"0":"post-922","1":"product","2":"type-product","3":"status-publish","4":"has-post-thumbnail","6":"product_cat-entertainment-systems","8":"first","9":"instock","10":"taxable","11":"shipping-taxable","12":"product-type-simple"},"yoast_head":"<!-- This site is optimized with the Yoast SEO plugin v27.1.1 - https:\/\/yoast.com\/product\/yoast-seo-wordpress\/ -->\n<title>Clarion CMS5 - OCEAN<\/title>\n<meta name=\"robots\" content=\"index, follow, max-snippet:-1, max-image-preview:large, max-video-preview:-1\" \/>\n<link rel=\"canonical\" href=\"https:\/\/ocean-parts.gr\/en\/product\/media-receiver-clarion-cms5\/\" \/>\n<meta property=\"og:locale\" content=\"en_US\" \/>\n<meta property=\"og:type\" content=\"article\" \/>\n<meta property=\"og:title\" content=\"Clarion CMS5 - OCEAN\" \/>\n<meta property=\"og:description\" content=\"Media Receiver\" \/>\n<meta property=\"og:url\" content=\"https:\/\/ocean-parts.gr\/en\/product\/media-receiver-clarion-cms5\/\" \/>\n<meta property=\"og:site_name\" content=\"OCEAN\" \/>\n<meta property=\"article:publisher\" content=\"https:\/\/www.facebook.com\/ocean.ike\/\" \/>\n<meta property=\"article:modified_time\" content=\"2020-11-15T10:24:15+00:00\" \/>\n<meta property=\"og:image\" content=\"https:\/\/ocean-parts.gr\/wp-content\/uploads\/2019\/10\/CLARION-1.jpg\" \/>\n\t<meta property=\"og:image:width\" content=\"694\" \/>\n\t<meta property=\"og:image:height\" content=\"316\" \/>\n\t<meta property=\"og:image:type\" content=\"image\/jpeg\" \/>\n<meta name=\"twitter:card\" content=\"summary_large_image\" \/>\n<meta name=\"twitter:label1\" content=\"Est. reading time\" \/>\n\t<meta name=\"twitter:data1\" content=\"3 minutes\" \/>\n<script type=\"application\/ld+json\" class=\"yoast-schema-graph\">{\"@context\":\"https:\/\/schema.org\",\"@graph\":[{\"@type\":\"WebPage\",\"@id\":\"https:\/\/ocean-parts.gr\/en\/product\/media-receiver-clarion-cms5\/\",\"url\":\"https:\/\/ocean-parts.gr\/en\/product\/media-receiver-clarion-cms5\/\",\"name\":\"Clarion CMS5 - OCEAN\",\"isPartOf\":{\"@id\":\"https:\/\/ocean-parts.gr\/en\/#website\"},\"primaryImageOfPage\":{\"@id\":\"https:\/\/ocean-parts.gr\/en\/product\/media-receiver-clarion-cms5\/#primaryimage\"},\"image\":{\"@id\":\"https:\/\/ocean-parts.gr\/en\/product\/media-receiver-clarion-cms5\/#primaryimage\"},\"thumbnailUrl\":\"https:\/\/ocean-parts.gr\/wp-content\/uploads\/2019\/10\/CLARION-1.jpg\",\"datePublished\":\"2019-10-27T14:08:26+00:00\",\"dateModified\":\"2020-11-15T10:24:15+00:00\",\"breadcrumb\":{\"@id\":\"https:\/\/ocean-parts.gr\/en\/product\/media-receiver-clarion-cms5\/#breadcrumb\"},\"inLanguage\":\"en-US\",\"potentialAction\":[{\"@type\":\"ReadAction\",\"target\":[\"https:\/\/ocean-parts.gr\/en\/product\/media-receiver-clarion-cms5\/\"]}]},{\"@type\":\"ImageObject\",\"inLanguage\":\"en-US\",\"@id\":\"https:\/\/ocean-parts.gr\/en\/product\/media-receiver-clarion-cms5\/#primaryimage\",\"url\":\"https:\/\/ocean-parts.gr\/wp-content\/uploads\/2019\/10\/CLARION-1.jpg\",\"contentUrl\":\"https:\/\/ocean-parts.gr\/wp-content\/uploads\/2019\/10\/CLARION-1.jpg\",\"width\":694,\"height\":316},{\"@type\":\"BreadcrumbList\",\"@id\":\"https:\/\/ocean-parts.gr\/en\/product\/media-receiver-clarion-cms5\/#breadcrumb\",\"itemListElement\":[{\"@type\":\"ListItem\",\"position\":1,\"name\":\"Home\",\"item\":\"https:\/\/ocean-parts.gr\/\"},{\"@type\":\"ListItem\",\"position\":2,\"name\":\"Shop\",\"item\":\"https:\/\/ocean-parts.gr\/en\/shop\/\"},{\"@type\":\"ListItem\",\"position\":3,\"name\":\"Clarion CMS5\"}]},{\"@type\":\"WebSite\",\"@id\":\"https:\/\/ocean-parts.gr\/en\/#website\",\"url\":\"https:\/\/ocean-parts.gr\/en\/\",\"name\":\"OCEAN\",\"description\":\"HVAC\/R - Marine Equipment &amp; Parts\",\"publisher\":{\"@id\":\"https:\/\/ocean-parts.gr\/en\/#organization\"},\"potentialAction\":[{\"@type\":\"SearchAction\",\"target\":{\"@type\":\"EntryPoint\",\"urlTemplate\":\"https:\/\/ocean-parts.gr\/en\/?s={search_term_string}\"},\"query-input\":{\"@type\":\"PropertyValueSpecification\",\"valueRequired\":true,\"valueName\":\"search_term_string\"}}],\"inLanguage\":\"en-US\"},{\"@type\":\"Organization\",\"@id\":\"https:\/\/ocean-parts.gr\/en\/#organization\",\"name\":\"\u03a9\u039a\u0395\u0391\u039d\u039f\u03a3 \u039c\u039f\u039d\/\u03a0\u0397 \u0399.\u039a.\u0395.\",\"url\":\"https:\/\/ocean-parts.gr\/en\/\",\"logo\":{\"@type\":\"ImageObject\",\"inLanguage\":\"en-US\",\"@id\":\"https:\/\/ocean-parts.gr\/en\/#\/schema\/logo\/image\/\",\"url\":\"https:\/\/ocean-parts.gr\/wp-content\/uploads\/2019\/12\/OCEAN-LOGO.jpg\",\"contentUrl\":\"https:\/\/ocean-parts.gr\/wp-content\/uploads\/2019\/12\/OCEAN-LOGO.jpg\",\"width\":564,\"height\":210,\"caption\":\"\u03a9\u039a\u0395\u0391\u039d\u039f\u03a3 \u039c\u039f\u039d\/\u03a0\u0397 \u0399.\u039a.\u0395.\"},\"image\":{\"@id\":\"https:\/\/ocean-parts.gr\/en\/#\/schema\/logo\/image\/\"},\"sameAs\":[\"https:\/\/www.facebook.com\/ocean.ike\/\"]}]}<\/script>\n<!-- \/ Yoast SEO plugin. -->","yoast_head_json":{"title":"Clarion CMS5 - OCEAN","robots":{"index":"index","follow":"follow","max-snippet":"max-snippet:-1","max-image-preview":"max-image-preview:large","max-video-preview":"max-video-preview:-1"},"canonical":"https:\/\/ocean-parts.gr\/en\/product\/media-receiver-clarion-cms5\/","og_locale":"en_US","og_type":"article","og_title":"Clarion CMS5 - OCEAN","og_description":"Media Receiver","og_url":"https:\/\/ocean-parts.gr\/en\/product\/media-receiver-clarion-cms5\/","og_site_name":"OCEAN","article_publisher":"https:\/\/www.facebook.com\/ocean.ike\/","article_modified_time":"2020-11-15T10:24:15+00:00","og_image":[{"width":694,"height":316,"url":"https:\/\/ocean-parts.gr\/wp-content\/uploads\/2019\/10\/CLARION-1.jpg","type":"image\/jpeg"}],"twitter_card":"summary_large_image","twitter_misc":{"Est. reading time":"3 minutes"},"schema":{"@context":"https:\/\/schema.org","@graph":[{"@type":"WebPage","@id":"https:\/\/ocean-parts.gr\/en\/product\/media-receiver-clarion-cms5\/","url":"https:\/\/ocean-parts.gr\/en\/product\/media-receiver-clarion-cms5\/","name":"Clarion CMS5 - OCEAN","isPartOf":{"@id":"https:\/\/ocean-parts.gr\/en\/#website"},"primaryImageOfPage":{"@id":"https:\/\/ocean-parts.gr\/en\/product\/media-receiver-clarion-cms5\/#primaryimage"},"image":{"@id":"https:\/\/ocean-parts.gr\/en\/product\/media-receiver-clarion-cms5\/#primaryimage"},"thumbnailUrl":"https:\/\/ocean-parts.gr\/wp-content\/uploads\/2019\/10\/CLARION-1.jpg","datePublished":"2019-10-27T14:08:26+00:00","dateModified":"2020-11-15T10:24:15+00:00","breadcrumb":{"@id":"https:\/\/ocean-parts.gr\/en\/product\/media-receiver-clarion-cms5\/#breadcrumb"},"inLanguage":"en-US","potentialAction":[{"@type":"ReadAction","target":["https:\/\/ocean-parts.gr\/en\/product\/media-receiver-clarion-cms5\/"]}]},{"@type":"ImageObject","inLanguage":"en-US","@id":"https:\/\/ocean-parts.gr\/en\/product\/media-receiver-clarion-cms5\/#primaryimage","url":"https:\/\/ocean-parts.gr\/wp-content\/uploads\/2019\/10\/CLARION-1.jpg","contentUrl":"https:\/\/ocean-parts.gr\/wp-content\/uploads\/2019\/10\/CLARION-1.jpg","width":694,"height":316},{"@type":"BreadcrumbList","@id":"https:\/\/ocean-parts.gr\/en\/product\/media-receiver-clarion-cms5\/#breadcrumb","itemListElement":[{"@type":"ListItem","position":1,"name":"Home","item":"https:\/\/ocean-parts.gr\/"},{"@type":"ListItem","position":2,"name":"Shop","item":"https:\/\/ocean-parts.gr\/en\/shop\/"},{"@type":"ListItem","position":3,"name":"Clarion CMS5"}]},{"@type":"WebSite","@id":"https:\/\/ocean-parts.gr\/en\/#website","url":"https:\/\/ocean-parts.gr\/en\/","name":"OCEAN","description":"HVAC\/R - Marine Equipment &amp; Parts","publisher":{"@id":"https:\/\/ocean-parts.gr\/en\/#organization"},"potentialAction":[{"@type":"SearchAction","target":{"@type":"EntryPoint","urlTemplate":"https:\/\/ocean-parts.gr\/en\/?s={search_term_string}"},"query-input":{"@type":"PropertyValueSpecification","valueRequired":true,"valueName":"search_term_string"}}],"inLanguage":"en-US"},{"@type":"Organization","@id":"https:\/\/ocean-parts.gr\/en\/#organization","name":"\u03a9\u039a\u0395\u0391\u039d\u039f\u03a3 \u039c\u039f\u039d\/\u03a0\u0397 \u0399.\u039a.\u0395.","url":"https:\/\/ocean-parts.gr\/en\/","logo":{"@type":"ImageObject","inLanguage":"en-US","@id":"https:\/\/ocean-parts.gr\/en\/#\/schema\/logo\/image\/","url":"https:\/\/ocean-parts.gr\/wp-content\/uploads\/2019\/12\/OCEAN-LOGO.jpg","contentUrl":"https:\/\/ocean-parts.gr\/wp-content\/uploads\/2019\/12\/OCEAN-LOGO.jpg","width":564,"height":210,"caption":"\u03a9\u039a\u0395\u0391\u039d\u039f\u03a3 \u039c\u039f\u039d\/\u03a0\u0397 \u0399.\u039a.\u0395."},"image":{"@id":"https:\/\/ocean-parts.gr\/en\/#\/schema\/logo\/image\/"},"sameAs":["https:\/\/www.facebook.com\/ocean.ike\/"]}]}},"_links":{"self":[{"href":"https:\/\/ocean-parts.gr\/en\/wp-json\/wp\/v2\/product\/922","targetHints":{"allow":["GET"]}}],"collection":[{"href":"https:\/\/ocean-parts.gr\/en\/wp-json\/wp\/v2\/product"}],"about":[{"href":"https:\/\/ocean-parts.gr\/en\/wp-json\/wp\/v2\/types\/product"}],"replies":[{"embeddable":true,"href":"https:\/\/ocean-parts.gr\/en\/wp-json\/wp\/v2\/comments?post=922"}],"version-history":[{"count":0,"href":"https:\/\/ocean-parts.gr\/en\/wp-json\/wp\/v2\/product\/922\/revisions"}],"wp:featuredmedia":[{"embeddable":true,"href":"https:\/\/ocean-parts.gr\/en\/wp-json\/wp\/v2\/media\/921"}],"wp:attachment":[{"href":"https:\/\/ocean-parts.gr\/en\/wp-json\/wp\/v2\/media?parent=922"}],"wp:term":[{"taxonomy":"product_brand","embeddable":true,"href":"https:\/\/ocean-parts.gr\/en\/wp-json\/wp\/v2\/product_brand?post=922"},{"taxonomy":"product_cat","embeddable":true,"href":"https:\/\/ocean-parts.gr\/en\/wp-json\/wp\/v2\/product_cat?post=922"},{"taxonomy":"product_tag","embeddable":true,"href":"https:\/\/ocean-parts.gr\/en\/wp-json\/wp\/v2\/product_tag?post=922"}],"curies":[{"name":"wp","href":"https:\/\/api.w.org\/{rel}","templated":true}]}}